{"id":6875,"date":"2021-07-14T16:14:38","date_gmt":"2021-07-14T15:14:38","guid":{"rendered":"http:\/\/www.st2.fisi.polimi.it\/?page_id=6875"},"modified":"2024-12-11T16:36:47","modified_gmt":"2024-12-11T15:36:47","slug":"didattica-in-remoto","status":"publish","type":"page","link":"https:\/\/www.st2.fisi.polimi.it\/?page_id=6875","title":{"rendered":"Didattica in remoto"},"content":{"rendered":"<p><img loading=\"lazy\" decoding=\"async\" class=\" wp-image-8464 alignright\" style=\"border: 1px solid black; margin-top: 0px; margin-bottom: 0px;\" src=\"http:\/\/www.st2.fisi.polimi.it\/wp-content\/uploads\/2023\/11\/didattica-in-remoto.jpg\" alt=\"\" width=\"200\" height=\"200\" srcset=\"https:\/\/www.st2.fisi.polimi.it\/wp-content\/uploads\/2023\/11\/didattica-in-remoto.jpg 254w, https:\/\/www.st2.fisi.polimi.it\/wp-content\/uploads\/2023\/11\/didattica-in-remoto-150x150.jpg 150w\" sizes=\"auto, (max-width: 200px) 100vw, 200px\" \/><\/p>\n<p style=\"text-align: justify;\">L&#8217;emergenza Covid-19 ha cambiato molto la quotidianit\u00e0, e anche l&#8217;universit\u00e0 ha cercato di rispondere ai bisogni e alle difficolt\u00e0 degli studenti ricorrendo alla cosiddetta didattica in remoto o inventando forme nuove di didattica.<\/p>\n<p style=\"text-align: justify;\">Nella fase di ripartenza, le universit\u00e0 hanno cercato di trovare un nuovo equilibrio tra didattica in remoto e didattica in presenza. Per migliorare l&#8217;offerta e gli sforzi che si stanno facendo, abbiamo raccolto alcune impressioni degli studenti sulla didattica in remoto svolta nel proprio corso di studi e sulle sue conseguenze dal punto di vista dell&#8217;apprendimento e del benessere psicologico.<\/p>\n<p style=\"text-align: justify;\">L&#8217;indagine, che ha coinvolto circa 44 000 studenti (26 000 di laurea triennale e 18 000 di laurea magistrale) \u00e8 stata completamente anonima, senza alcuna richiesta sulle condizioni di salute dello studente o dei suoi contatti.<\/p>\n<hr \/>\n<h2>Collaboratori<\/h2>\n<ul>\n<li><a href=\"\/?page_id=188\">Juliana Elisa Raffaghelli<\/a><\/li>\n<li><a href=\"\/?page_id=195\">Susanna Sancassani<\/a><\/li>\n<li><a href=\"\/?page_id=6870\">Italo Testa<\/a><\/li>\n<\/ul>\n<h2>Pubblicazioni<\/h2>\n<ul>\n<li><a href=\"\/?page_id=7152\">(2022) EDULEARN 2440-2445<\/a><\/li>\n<li><a href=\"\/?page_id=7417\">(2023) Sustainability 15, 3, 2295<\/a><\/li>\n<li><a href=\"\/?page_id=7746\">(2023) PCE 605-617<\/a><\/li>\n<li><a href=\"\/?page_id=8399\">(2024) Cogent Education 11, 1, 2437882<\/a><\/li>\n<\/ul>\n<h2>Convegni<\/h2>\n<ul>\n<li><a href=\"\/?page_id=7214\">(2022) SIF<\/a><\/li>\n<li><a href=\"\/?page_id=7480\">(2023) MESE1<\/a><\/li>\n<\/ul>\n<h2>Tesi<\/h2>\n<ul>\n<li><a href=\"\/?page_id=9274\">(XXXVI ciclo) Roberto Mazzola<\/a><\/li>\n<\/ul>\n<hr \/>\n","protected":false},"excerpt":{"rendered":"<p>L&#8217;emergenza Covid-19 ha cambiato molto la quotidianit\u00e0, e anche l&#8217;universit\u00e0 ha cercato di rispondere ai bisogni e alle difficolt\u00e0 degli studenti ricorrendo alla cosiddetta didattica in remoto o inventando forme nuove di didattica. Nella fase di ripartenza, le universit\u00e0 hanno cercato di trovare un nuovo equilibrio tra didattica in remoto e didattica in presenza. Per &#8230; <a title=\"Didattica in remoto\" class=\"read-more\" href=\"https:\/\/www.st2.fisi.polimi.it\/?page_id=6875\" aria-label=\"Per saperne di pi\u00f9 su Didattica in remoto\">Leggi tutto<\/a><\/p>\n","protected":false},"author":3,"featured_media":0,"parent":29,"menu_order":0,"comment_status":"closed","ping_status":"closed","template":"","meta":{"_bbp_topic_count":0,"_bbp_reply_count":0,"_bbp_total_topic_count":0,"_bbp_total_reply_count":0,"_bbp_voice_count":0,"_bbp_anonymous_reply_count":0,"_bbp_topic_count_hidden":0,"_bbp_reply_count_hidden":0,"_bbp_forum_subforum_count":0,"footnotes":""},"class_list":["post-6875","page","type-page","status-publish"],"_links":{"self":[{"href":"https:\/\/www.st2.fisi.polimi.it\/index.php?rest_route=\/wp\/v2\/pages\/6875","targetHints":{"allow":["GET"]}}],"collection":[{"href":"https:\/\/www.st2.fisi.polimi.it\/index.php?rest_route=\/wp\/v2\/pages"}],"about":[{"href":"https:\/\/www.st2.fisi.polimi.it\/index.php?rest_route=\/wp\/v2\/types\/page"}],"author":[{"embeddable":true,"href":"https:\/\/www.st2.fisi.polimi.it\/index.php?rest_route=\/wp\/v2\/users\/3"}],"replies":[{"embeddable":true,"href":"https:\/\/www.st2.fisi.polimi.it\/index.php?rest_route=%2Fwp%2Fv2%2Fcomments&post=6875"}],"version-history":[{"count":39,"href":"https:\/\/www.st2.fisi.polimi.it\/index.php?rest_route=\/wp\/v2\/pages\/6875\/revisions"}],"predecessor-version":[{"id":9446,"href":"https:\/\/www.st2.fisi.polimi.it\/index.php?rest_route=\/wp\/v2\/pages\/6875\/revisions\/9446"}],"up":[{"embeddable":true,"href":"https:\/\/www.st2.fisi.polimi.it\/index.php?rest_route=\/wp\/v2\/pages\/29"}],"wp:attachment":[{"href":"https:\/\/www.st2.fisi.polimi.it\/index.php?rest_route=%2Fwp%2Fv2%2Fmedia&parent=6875"}],"curies":[{"name":"wp","href":"https:\/\/api.w.org\/{rel}","templated":true}]}}