{"id":7683,"date":"2023-03-17T13:47:25","date_gmt":"2023-03-17T12:47:25","guid":{"rendered":"https:\/\/www.st2.fisi.polimi.it\/?page_id=7683"},"modified":"2026-03-21T09:32:27","modified_gmt":"2026-03-21T08:32:27","slug":"orientamento","status":"publish","type":"page","link":"https:\/\/www.st2.fisi.polimi.it\/?page_id=7683","title":{"rendered":"Orientamento"},"content":{"rendered":"<p><img loading=\"lazy\" decoding=\"async\" class=\" wp-image-8448 alignright\" style=\"border: 1px solid black; margin-top: 0px; margin-bottom: 0px;\" src=\"http:\/\/www.st2.fisi.polimi.it\/wp-content\/uploads\/2023\/11\/orientamento-300x300.jpg\" alt=\"\" width=\"200\" height=\"200\" srcset=\"https:\/\/www.st2.fisi.polimi.it\/wp-content\/uploads\/2023\/11\/orientamento-300x300.jpg 300w, https:\/\/www.st2.fisi.polimi.it\/wp-content\/uploads\/2023\/11\/orientamento-150x150.jpg 150w, https:\/\/www.st2.fisi.polimi.it\/wp-content\/uploads\/2023\/11\/orientamento.jpg 616w\" sizes=\"auto, (max-width: 200px) 100vw, 200px\" \/><\/p>\n<p style=\"text-align: justify;\">Il Politecnico di Milano partecipa al progetto del Ministero dell&#8217;Universit\u00e0 e della Ricerca &#8220;Orientamento 2026 &#8211; Orientamento attivo nella transizione scuola-universit\u00e0&#8221; ed ha attivato numerosi <a href=\"https:\/\/www.polimi.it\/futuri-studenti\/orientarsi-alla-scelta\/corsi-pnrr\" target=\"_blank\" rel=\"noopener\">corsi di orientamento<\/a> per le studentesse e gli studenti di tutti gli anni degli istituti superiori, con finalit\u00e0 non promozionali.<\/p>\n<p style=\"text-align: justify;\">I corsi hanno una durata di 15 ore ciascuno, di cui almeno 10 ore erogate in presenza; un attestato di partecipazione viene rilasciato a chi partecipa ad almeno il 70% delle ore del corso.<\/p>\n<p style=\"text-align: justify;\">La scuola pu\u00f2 riconoscere le ore come PCTO e pu\u00f2 scegliere se considerare i corsi attivit\u00e0 curricolare o extracurricolare.<\/p>\n<p>&nbsp;<\/p>\n<h2>2025-2026<\/h2>\n<p style=\"text-align: justify;\">Tra i corsi da 15 h attivati ed erogati c\u2019\u00e8 quello di<\/p>\n<p style=\"text-align: center;\">\u201c<span style=\"text-decoration: underline;\">Introduzione metodologica alla preparazione del test di ingegneria<\/span>\u201d<\/p>\n<p style=\"text-align: justify;\">svolto dal nostro gruppo di ricerca ST2 insieme al gruppo di matematica <a href=\"https:\/\/fds.mate.polimi.it\/\" target=\"_blank\" rel=\"noopener\">FDS<\/a>, e rivolto agli studenti di IV e V superiore. Gli obiettivi del corso sono quelli di<\/p>\n<ul>\n<li style=\"text-align: justify;\">fornire (<a href=\"\/wp-content\/uploads\/2025\/10\/Introduzione-metodologia-alla-preparazione-del-test-di-ingegneria.pdf\" target=\"_blank\" rel=\"noopener\">incontro<\/a> online) gli strumenti metodologici per lo studio degli argomenti di fisica (e di matematica) richiesti come prerequisito d\u2019accesso ai corsi di ingegneria, descrivendo le risorse didattiche utili alla preparazione del test d&#8217;ingresso<\/li>\n<li style=\"text-align: justify;\">sviluppare (incontro in presenza, con attivit\u00e0 laboratoriali a gruppi) le competenze logico-matematiche, il metodo scientifico, la modellistica e il problem-solving.<\/li>\n<\/ul>\n<p style=\"text-align: center;\">&#8212;&#8212;&#8212;&#8212;&#8212;&#8212;&#8211;<\/p>\n<p style=\"text-align: justify;\">A questo si aggiunge la nostra proposta di un modulo da 3 h (il modulo \u00e8 da abbinare ad altri moduli da 3 h, per comporre un corso completo di 15 h) dal titolo<\/p>\n<p style=\"text-align: center;\">&#8220;<span style=\"text-decoration: underline;\">Forza ed eleganza del magnetismo. Sfidando l&#8217;antigravit\u00e0<\/span>&#8220;<\/p>\n<p style=\"text-align: justify;\">e rivolto agli studenti di I, II, III, IV e V superiore, in cui il docente fornir\u00e0 (<a href=\"\/wp-content\/uploads\/2025\/10\/Forza-ed-eleganza-del-magnetismo.pdf\" target=\"_blank\" rel=\"noopener\">incontro<\/a> in presenza) un&#8217;introduzione sistematica al mondo del magnetismo, con un approccio sperimentale affiancato da video ed esperimenti, coinvolgendo dal vivo i partecipanti.<\/p>\n<hr \/>\n<h2>Pubblicazioni<\/h2>\n<ul>\n<li><a href=\"\/?page_id=9625\">(2025) HEAd 743-750<\/a><\/li>\n<li><a href=\"\/?page_id=9698\">(2025) Nuova Secondaria Ricerca XLII, 10, 261-267<\/a><\/li>\n<li><a href=\"\/?page_id=9078\">(2025) Springer\u00a0205-215<\/a><\/li>\n<li><a href=\"\/?page_id=10052\">(2026) Education Sciences 16, 3, 489<\/a><\/li>\n<\/ul>\n<h2>Convegni<\/h2>\n<ul>\n<li><a href=\"\/?page_id=8385\">(2023) CooFIS08<\/a><\/li>\n<li><a href=\"\/?page_id=9168\">(2024) Studium<\/a><\/li>\n<li><a href=\"\/?page_id=9375\">(2024) CooFIS08<\/a><\/li>\n<\/ul>\n<h2>Tesi<\/h2>\n<ul>\n<li><a href=\"\/?page_id=9248\">(2022-2023) Sara Pittini<\/a><\/li>\n<li><a href=\"\/?page_id=9254\">(2023-2024) Francesco Minneci<\/a><\/li>\n<\/ul>\n<hr \/>\n","protected":false},"excerpt":{"rendered":"<p>Il Politecnico di Milano partecipa al progetto del Ministero dell&#8217;Universit\u00e0 e della Ricerca &#8220;Orientamento 2026 &#8211; Orientamento attivo nella transizione scuola-universit\u00e0&#8221; ed ha attivato numerosi corsi di orientamento per le studentesse e gli studenti di tutti gli anni degli istituti superiori, con finalit\u00e0 non promozionali. I corsi hanno una durata di 15 ore ciascuno, di &#8230; <a title=\"Orientamento\" class=\"read-more\" href=\"https:\/\/www.st2.fisi.polimi.it\/?page_id=7683\" aria-label=\"Per saperne di pi\u00f9 su Orientamento\">Leggi tutto<\/a><\/p>\n","protected":false},"author":3,"featured_media":0,"parent":0,"menu_order":0,"comment_status":"closed","ping_status":"closed","template":"","meta":{"_bbp_topic_count":0,"_bbp_reply_count":0,"_bbp_total_topic_count":0,"_bbp_total_reply_count":0,"_bbp_voice_count":0,"_bbp_anonymous_reply_count":0,"_bbp_topic_count_hidden":0,"_bbp_reply_count_hidden":0,"_bbp_forum_subforum_count":0,"footnotes":""},"class_list":["post-7683","page","type-page","status-publish"],"_links":{"self":[{"href":"https:\/\/www.st2.fisi.polimi.it\/index.php?rest_route=\/wp\/v2\/pages\/7683","targetHints":{"allow":["GET"]}}],"collection":[{"href":"https:\/\/www.st2.fisi.polimi.it\/index.php?rest_route=\/wp\/v2\/pages"}],"about":[{"href":"https:\/\/www.st2.fisi.polimi.it\/index.php?rest_route=\/wp\/v2\/types\/page"}],"author":[{"embeddable":true,"href":"https:\/\/www.st2.fisi.polimi.it\/index.php?rest_route=\/wp\/v2\/users\/3"}],"replies":[{"embeddable":true,"href":"https:\/\/www.st2.fisi.polimi.it\/index.php?rest_route=%2Fwp%2Fv2%2Fcomments&post=7683"}],"version-history":[{"count":69,"href":"https:\/\/www.st2.fisi.polimi.it\/index.php?rest_route=\/wp\/v2\/pages\/7683\/revisions"}],"predecessor-version":[{"id":10199,"href":"https:\/\/www.st2.fisi.polimi.it\/index.php?rest_route=\/wp\/v2\/pages\/7683\/revisions\/10199"}],"wp:attachment":[{"href":"https:\/\/www.st2.fisi.polimi.it\/index.php?rest_route=%2Fwp%2Fv2%2Fmedia&parent=7683"}],"curies":[{"name":"wp","href":"https:\/\/api.w.org\/{rel}","templated":true}]}}