{"id":9411,"date":"2024-11-13T12:25:24","date_gmt":"2024-11-13T11:25:24","guid":{"rendered":"https:\/\/www.st2.fisi.polimi.it\/?page_id=9411"},"modified":"2024-11-26T23:21:12","modified_gmt":"2024-11-26T22:21:12","slug":"thriviability","status":"publish","type":"page","link":"https:\/\/www.st2.fisi.polimi.it\/?page_id=9411","title":{"rendered":"Thriviability"},"content":{"rendered":"<p><img loading=\"lazy\" decoding=\"async\" class=\" wp-image-8452 alignright\" style=\"border: 1px solid black; margin-top: 0px; margin-bottom: 0px;\" src=\"http:\/\/www.st2.fisi.polimi.it\/wp-content\/uploads\/2024\/11\/don-bosco-village.png\" alt=\"\" width=\"200\" height=\"200\" \/><\/p>\n<p style=\"text-align: justify;\">Il progetto &#8220;Thriviability&#8221;, a cura della scuola <a href=\"https:\/\/www.donboscovillage.com\/\" target=\"_blank\" rel=\"noopener\">don Bosco Village<\/a>, parte dalle linee guida ministeriali riguardo le materie STEM con la volont\u00e0 di fornire ad ogni singolo studente la possibilit\u00e0 di diventare cittadino consapevole con un bagaglio di adeguate conoscenze scientifiche e capacit\u00e0 logico-deduttive che possano essere sfruttate anche al di fuori dell\u2019ambito prettamente scolastico\/curricolare.<\/p>\n<p style=\"text-align: justify;\">Ci\u00f2 sar\u00e0 reso possibile insegnando tutte le discipline scientifiche in modo non solo procedurale, ma anche laboratoriale. Il progetto promuover\u00e0 le competenze trasversali, digitali, il pensiero critico, il problem solving, l&#8217;imprenditorialit\u00e0, e la cittadinanza attiva, cos\u00ec come richiesto dal Piano d&#8217;azione per l\u2019istruzione digitale 2021- 2027<\/p>\n<p style=\"text-align: justify;\">Il lab. ST2 \u00e8 partner del progetto e svilupper\u00e0 nella scuola (in particolare nel liceo scientifico sportivo) alcune metodiche di apprendimento coinvolgendo in modo attivo gli studenti:<\/p>\n<ul>\n<li style=\"text-align: justify;\">per la classe III e IV: open-ended lab &amp; debate<\/li>\n<li style=\"text-align: justify;\">per la classe V: attivit\u00e0 di peer-learning<\/li>\n<\/ul>\n<hr \/>\n<p>&nbsp;<\/p>\n","protected":false},"excerpt":{"rendered":"<p>Il progetto &#8220;Thriviability&#8221;, a cura della scuola don Bosco Village, parte dalle linee guida ministeriali riguardo le materie STEM con la volont\u00e0 di fornire ad ogni singolo studente la possibilit\u00e0 di diventare cittadino consapevole con un bagaglio di adeguate conoscenze scientifiche e capacit\u00e0 logico-deduttive che possano essere sfruttate anche al di fuori dell\u2019ambito prettamente scolastico\/curricolare. &#8230; <a title=\"Thriviability\" class=\"read-more\" href=\"https:\/\/www.st2.fisi.polimi.it\/?page_id=9411\" aria-label=\"Per saperne di pi\u00f9 su Thriviability\">Leggi tutto<\/a><\/p>\n","protected":false},"author":3,"featured_media":0,"parent":9386,"menu_order":0,"comment_status":"closed","ping_status":"closed","template":"","meta":{"_bbp_topic_count":0,"_bbp_reply_count":0,"_bbp_total_topic_count":0,"_bbp_total_reply_count":0,"_bbp_voice_count":0,"_bbp_anonymous_reply_count":0,"_bbp_topic_count_hidden":0,"_bbp_reply_count_hidden":0,"_bbp_forum_subforum_count":0,"footnotes":""},"class_list":["post-9411","page","type-page","status-publish"],"_links":{"self":[{"href":"https:\/\/www.st2.fisi.polimi.it\/index.php?rest_route=\/wp\/v2\/pages\/9411","targetHints":{"allow":["GET"]}}],"collection":[{"href":"https:\/\/www.st2.fisi.polimi.it\/index.php?rest_route=\/wp\/v2\/pages"}],"about":[{"href":"https:\/\/www.st2.fisi.polimi.it\/index.php?rest_route=\/wp\/v2\/types\/page"}],"author":[{"embeddable":true,"href":"https:\/\/www.st2.fisi.polimi.it\/index.php?rest_route=\/wp\/v2\/users\/3"}],"replies":[{"embeddable":true,"href":"https:\/\/www.st2.fisi.polimi.it\/index.php?rest_route=%2Fwp%2Fv2%2Fcomments&post=9411"}],"version-history":[{"count":5,"href":"https:\/\/www.st2.fisi.polimi.it\/index.php?rest_route=\/wp\/v2\/pages\/9411\/revisions"}],"predecessor-version":[{"id":9436,"href":"https:\/\/www.st2.fisi.polimi.it\/index.php?rest_route=\/wp\/v2\/pages\/9411\/revisions\/9436"}],"up":[{"embeddable":true,"href":"https:\/\/www.st2.fisi.polimi.it\/index.php?rest_route=\/wp\/v2\/pages\/9386"}],"wp:attachment":[{"href":"https:\/\/www.st2.fisi.polimi.it\/index.php?rest_route=%2Fwp%2Fv2%2Fmedia&parent=9411"}],"curies":[{"name":"wp","href":"https:\/\/api.w.org\/{rel}","templated":true}]}}