{"id":9698,"date":"2025-06-24T07:54:59","date_gmt":"2025-06-24T06:54:59","guid":{"rendered":"https:\/\/www.st2.fisi.polimi.it\/?page_id=9698"},"modified":"2025-07-19T10:30:31","modified_gmt":"2025-07-19T09:30:31","slug":"2025-nuova-secondaria-ricerca-xlii-10-261-267","status":"publish","type":"page","link":"https:\/\/www.st2.fisi.polimi.it\/?page_id=9698","title":{"rendered":"(2025) Nuova Secondaria Ricerca XLII, 10, 261-267"},"content":{"rendered":"<ul style=\"text-align: justify;\">\n<li style=\"text-align: justify;\">06\/2025<strong><br \/>\nAttivit\u00e0 di orientamento innovative ed efficaci in modalit\u00e0 open-ended<br \/>\n<\/strong><em>Roberto Virzi, Matteo Bozzi, Roberto Mazzola, Maurizio Zani<br \/>\n<\/em>04-05\/10\/2024 \u2013 Studium (Venezia \u2013 Italy)<em><br \/>\n<\/em>Nuova Secondaria Ricerca <strong>XLII<\/strong>, 10, 261-267 (2025) &#8211; URL <a href=\"https:\/\/www.edizionistudium.it\/riviste\/nuova-secondaria-ricerca-n10-giugno-2025\" target=\"_blank\" rel=\"noopener\">https:\/\/www.edizionistudium.it\/riviste\/nuova-secondaria-ricerca-n10-giugno-2025<\/a><\/li>\n<\/ul>\n<p style=\"text-align: center;\">&#8212;&#8212;&#8212;&#8212;&#8212;&#8212;&#8211;<\/p>\n<p style=\"text-align: justify;\"><strong>Abstract:<\/strong><\/p>\n<p style=\"text-align: justify;\">Nell\u2019anno accademico 2022-2023, il gruppo di ricerca ST2 del Dipartimento di Fisica del Politecnico di Milano ha preso parte a un corso di orientamento rivolto a studentesse e studenti degli ultimi anni della scuola secondaria di secondo grado, interessati a prepararsi per il Test On Line (TOL) di ammissione ai corsi di laurea in ingegneria.<\/p>\n<p style=\"text-align: justify;\">In questo articolo si descrive, in particolare, il modulo di Fisica, realizzato attraverso modalit\u00e0 didattiche innovative. Le attivit\u00e0 proposte comprendevano un incontro introduttivo, un test propedeutico e un laboratorio condotto in modalit\u00e0 open-ended. Un\u2019analisi statistica approfondita ha confermato l\u2019efficacia dell\u2019approccio adottato, evidenziando un miglioramento significativo nei risultati ottenuti al TOL dagli studenti prima e dopo la partecipazione al corso.<\/p>\n<hr \/>\n<h2>Attivit\u00e0<\/h2>\n<ul>\n<li><a href=\"\/?page_id=7683\">Orientamento<\/a><\/li>\n<\/ul>\n","protected":false},"excerpt":{"rendered":"<p>06\/2025 Attivit\u00e0 di orientamento innovative ed efficaci in modalit\u00e0 open-ended Roberto Virzi, Matteo Bozzi, Roberto Mazzola, Maurizio Zani 04-05\/10\/2024 \u2013 Studium (Venezia \u2013 Italy) Nuova Secondaria Ricerca XLII, 10, 261-267 (2025) &#8211; URL https:\/\/www.edizionistudium.it\/riviste\/nuova-secondaria-ricerca-n10-giugno-2025 &#8212;&#8212;&#8212;&#8212;&#8212;&#8212;&#8211; Abstract: Nell\u2019anno accademico 2022-2023, il gruppo di ricerca ST2 del Dipartimento di Fisica del Politecnico di Milano ha preso parte &#8230; <a title=\"(2025) Nuova Secondaria Ricerca XLII, 10, 261-267\" class=\"read-more\" href=\"https:\/\/www.st2.fisi.polimi.it\/?page_id=9698\" aria-label=\"Per saperne di pi\u00f9 su (2025) Nuova Secondaria Ricerca XLII, 10, 261-267\">Leggi tutto<\/a><\/p>\n","protected":false},"author":3,"featured_media":0,"parent":675,"menu_order":0,"comment_status":"closed","ping_status":"closed","template":"","meta":{"_bbp_topic_count":0,"_bbp_reply_count":0,"_bbp_total_topic_count":0,"_bbp_total_reply_count":0,"_bbp_voice_count":0,"_bbp_anonymous_reply_count":0,"_bbp_topic_count_hidden":0,"_bbp_reply_count_hidden":0,"_bbp_forum_subforum_count":0,"footnotes":""},"class_list":["post-9698","page","type-page","status-publish"],"_links":{"self":[{"href":"https:\/\/www.st2.fisi.polimi.it\/index.php?rest_route=\/wp\/v2\/pages\/9698","targetHints":{"allow":["GET"]}}],"collection":[{"href":"https:\/\/www.st2.fisi.polimi.it\/index.php?rest_route=\/wp\/v2\/pages"}],"about":[{"href":"https:\/\/www.st2.fisi.polimi.it\/index.php?rest_route=\/wp\/v2\/types\/page"}],"author":[{"embeddable":true,"href":"https:\/\/www.st2.fisi.polimi.it\/index.php?rest_route=\/wp\/v2\/users\/3"}],"replies":[{"embeddable":true,"href":"https:\/\/www.st2.fisi.polimi.it\/index.php?rest_route=%2Fwp%2Fv2%2Fcomments&post=9698"}],"version-history":[{"count":9,"href":"https:\/\/www.st2.fisi.polimi.it\/index.php?rest_route=\/wp\/v2\/pages\/9698\/revisions"}],"predecessor-version":[{"id":9907,"href":"https:\/\/www.st2.fisi.polimi.it\/index.php?rest_route=\/wp\/v2\/pages\/9698\/revisions\/9907"}],"up":[{"embeddable":true,"href":"https:\/\/www.st2.fisi.polimi.it\/index.php?rest_route=\/wp\/v2\/pages\/675"}],"wp:attachment":[{"href":"https:\/\/www.st2.fisi.polimi.it\/index.php?rest_route=%2Fwp%2Fv2%2Fmedia&parent=9698"}],"curies":[{"name":"wp","href":"https:\/\/api.w.org\/{rel}","templated":true}]}}