{"id":9816,"date":"2025-07-16T15:57:38","date_gmt":"2025-07-16T14:57:38","guid":{"rendered":"https:\/\/www.st2.fisi.polimi.it\/?page_id=9816"},"modified":"2025-07-16T16:10:03","modified_gmt":"2025-07-16T15:10:03","slug":"2020-sif","status":"publish","type":"page","link":"https:\/\/www.st2.fisi.polimi.it\/?page_id=9816","title":{"rendered":"(2020) SIF"},"content":{"rendered":"<ul>\n<li style=\"text-align: justify;\">14-18\/09\/2020<br \/>\n<strong>Un\u2019indagine PLS sulla formazione, supporto e monitoraggio delle attivit\u00e0 dei tutor universitari<\/strong><br \/>\n<em>Italo Testa, Eugenio Fazio, Marisa Michelini, Giorgio Pastore, Maria Peressi, Maurizio Zani, Josette Imm\u00e9<\/em><br \/>\nSIF, Societ\u00e0 Italiana di Fisica (telematico)<\/li>\n<\/ul>\n<p style=\"text-align: center;\">&#8212;&#8212;&#8212;&#8212;&#8212;&#8212;&#8211;<\/p>\n<p style=\"text-align: justify;\"><strong>Abstract:<\/strong><\/p>\n<p style=\"text-align: justify;\">Si riportano i risultati di una indagine svolta nell&#8217;ambito dell&#8217;Azione 3 del Piano Nazionale delle Lauree Scientifiche sulle attivit\u00e0 messe a punto dalle Universit\u00e0 sulla formazione, supporto e monitoraggio delle attivit\u00e0 dei tutor nell&#8217;ambito degli insegnamenti istituzionali del primo anno. L&#8217;indagine ha come obiettivo quello di mappare le attivit\u00e0 di tutorato in relazione a: partecipazione studenti; tipo di attivit\u00e0 (supporto alla disciplina, al metodo di studio, ecc..); modalit\u00e0 dell&#8217;attivit\u00e0 (lavoro di gruppo, esercitazione, ecc&#8230;); coordinamento tra gli attori istituzionali (PLS, cds, ateneo); valutazione delle attivit\u00e0. Nel corso della comunicazione saranno presentati i risultati dell&#8217;indagine e discusse alcune proposte nate nell&#8217;ambito PNLS.<\/p>\n<hr \/>\n<h2>Finanziamenti<\/h2>\n<ul>\n<li><a href=\"\/?page_id=380\">PLS<\/a><\/li>\n<\/ul>\n<hr \/>\n<p>&nbsp;<\/p>\n","protected":false},"excerpt":{"rendered":"<p>14-18\/09\/2020 Un\u2019indagine PLS sulla formazione, supporto e monitoraggio delle attivit\u00e0 dei tutor universitari Italo Testa, Eugenio Fazio, Marisa Michelini, Giorgio Pastore, Maria Peressi, Maurizio Zani, Josette Imm\u00e9 SIF, Societ\u00e0 Italiana di Fisica (telematico) &#8212;&#8212;&#8212;&#8212;&#8212;&#8212;&#8211; Abstract: Si riportano i risultati di una indagine svolta nell&#8217;ambito dell&#8217;Azione 3 del Piano Nazionale delle Lauree Scientifiche sulle attivit\u00e0 messe &#8230; <a title=\"(2020) SIF\" class=\"read-more\" href=\"https:\/\/www.st2.fisi.polimi.it\/?page_id=9816\" aria-label=\"Per saperne di pi\u00f9 su (2020) SIF\">Leggi tutto<\/a><\/p>\n","protected":false},"author":3,"featured_media":0,"parent":6788,"menu_order":0,"comment_status":"closed","ping_status":"closed","template":"","meta":{"_bbp_topic_count":0,"_bbp_reply_count":0,"_bbp_total_topic_count":0,"_bbp_total_reply_count":0,"_bbp_voice_count":0,"_bbp_anonymous_reply_count":0,"_bbp_topic_count_hidden":0,"_bbp_reply_count_hidden":0,"_bbp_forum_subforum_count":0,"footnotes":""},"class_list":["post-9816","page","type-page","status-publish"],"_links":{"self":[{"href":"https:\/\/www.st2.fisi.polimi.it\/index.php?rest_route=\/wp\/v2\/pages\/9816","targetHints":{"allow":["GET"]}}],"collection":[{"href":"https:\/\/www.st2.fisi.polimi.it\/index.php?rest_route=\/wp\/v2\/pages"}],"about":[{"href":"https:\/\/www.st2.fisi.polimi.it\/index.php?rest_route=\/wp\/v2\/types\/page"}],"author":[{"embeddable":true,"href":"https:\/\/www.st2.fisi.polimi.it\/index.php?rest_route=\/wp\/v2\/users\/3"}],"replies":[{"embeddable":true,"href":"https:\/\/www.st2.fisi.polimi.it\/index.php?rest_route=%2Fwp%2Fv2%2Fcomments&post=9816"}],"version-history":[{"count":4,"href":"https:\/\/www.st2.fisi.polimi.it\/index.php?rest_route=\/wp\/v2\/pages\/9816\/revisions"}],"predecessor-version":[{"id":9825,"href":"https:\/\/www.st2.fisi.polimi.it\/index.php?rest_route=\/wp\/v2\/pages\/9816\/revisions\/9825"}],"up":[{"embeddable":true,"href":"https:\/\/www.st2.fisi.polimi.it\/index.php?rest_route=\/wp\/v2\/pages\/6788"}],"wp:attachment":[{"href":"https:\/\/www.st2.fisi.polimi.it\/index.php?rest_route=%2Fwp%2Fv2%2Fmedia&parent=9816"}],"curies":[{"name":"wp","href":"https:\/\/api.w.org\/{rel}","templated":true}]}}